{"id":203,"date":"2019-01-20T15:55:16","date_gmt":"2019-01-20T14:55:16","guid":{"rendered":"http:\/\/www.ff-kg.de\/?page_id=203"},"modified":"2019-02-02T18:38:59","modified_gmt":"2019-02-02T17:38:59","slug":"die-freiwillige-feuerwehr-der-gemeinde-buettelborn","status":"publish","type":"page","link":"https:\/\/www.ff-kg.de\/?page_id=203","title":{"rendered":"Unsere Geschichte"},"content":{"rendered":"\t\t<div data-elementor-type=\"wp-post\" data-elementor-id=\"203\" class=\"elementor elementor-203 elementor-bc-flex-widget\" data-elementor-post-type=\"page\">\r\n\t\t\t\t\t\t<section class=\"elementor-section elementor-top-section elementor-element elementor-element-2e7da72 elementor-section-stretched elementor-section-boxed elementor-section-height-default elementor-section-height-default\" data-id=\"2e7da72\" data-element_type=\"section\" data-settings=\"{&quot;stretch_section&quot;:&quot;section-stretched&quot;}\">\r\n\t\t\t\t\t\t<div class=\"elementor-container elementor-column-gap-default\">\r\n\t\t\t\t\t<div class=\"elementor-column elementor-col-100 elementor-top-column elementor-element elementor-element-1ee54b4\" data-id=\"1ee54b4\" data-element_type=\"column\">\r\n\t\t\t<div class=\"elementor-widget-wrap elementor-element-populated\">\r\n\t\t\t\t\t\t<div class=\"elementor-element elementor-element-f67ab38 elementor-widget elementor-widget-text-editor\" data-id=\"f67ab38\" data-element_type=\"widget\" data-widget_type=\"text-editor.default\">\r\n\t\t\t\t<div class=\"elementor-widget-container\">\r\n\t\t\t\t\t\t\t\t\t<p>Die Wende im organisierten Brandschutz der Gemeinde Klein-Gerau wurde am 2. Mai 1931 vollzogen. Auf Initiative des Kommandanten der Pflichtfeuerwehr, August Becker, fanden sich an diesem historischen Tag 28 interessierte B\u00fcrger im Rathaussaal ein, um \u00fcber die Gr\u00fcndung einer Freiwilligen Feuerwehr zu diskutieren. Ein Zirkular von B\u00fcrgermeister Lipp erbrachte nochmals 51 Unterschriften. Somit konnte am 10. Juli 1931 die konstituierende Sitzung stattfinden. Zum Kommandant der Freiwilligen Feuerwehr Klein-Gerau wurde August Becker ernannt.<\/p><p>Die Annahme der Vereinsstatuten erfolgte am 29. Dezember 1931 in der 1. Hauptversammlung.<\/p><p>Zur damaligen Ausr\u00fcstung z\u00e4hlten eine Handdruckspritze sowie ein Spritzenwagen f\u00fcr Pferdegespanne, Leitern und eine Schlauchtrockenanlage waren in der damaligen Schule untergebracht.<\/p><p>Im Jahre 1935 wurde ein Feuerwehrspielmannszug ins Leben gerufen.<\/p><p>Eine Mustersatzung ordnete 1936 die Bestimmung eines Wehrf\u00fchrers an. \u00dcber die T\u00e4tigkeiten der Ortsfeuerwehr von 1939 bis 1945 k\u00f6nnen mangels Aufzeichnungen leider keine gesicherten Angaben gemacht werden. M\u00fcndliche \u00dcberlieferungen berichten jedoch von Hilfseins\u00e4tzen in Darmstadt, Mainz und Frankfurt.<\/p><p>Nach den Kriegswirren fand am 3. M\u00e4rz 1946 eine neuerliche Gr\u00fcnderversammlung statt, bei der wiederum August Becker zum Kommandanten gew\u00e4hlt wurde.<\/p><p>In den folgenden Jahren begann die Motorisierung der Feuerwehr Klein-Gerau. Bis 1959 musste man sich mit einem TSA\/8 behelfen, dann wurde eine TS 8\/8 angeschafft und 1963 endlich das erste Feuerwehrfahrzeug, ein VW Bus, in Dienst gestellt. 1971 wurde der Wehr ein LF-8 der Marke Opel-Blitz \u00fcbergeben. Mit dessen Ausr\u00fcstung verf\u00fcgte die Wehr erstmals \u00fcber Atemschutzger\u00e4te. 1975 nahm die Wehr einen TSF Ford-Transit in Dienst. Die Ausr\u00fcstung der Fahrzeuge mit Funktechnik begann 1979. Gewachsene Aufgaben im Ortsbereich durch Besiedlung des Neubaugebietes und Neustrukturierung des Rettungswesens innerhalb der Neugegr\u00fcndeten Gro\u00dfgemeinde B\u00fcttelborn begr\u00fcndeten die Antragstellung eines LF-16 mit Rettungssatz, das 1986 zur Auslieferung kommen konnte. Ein vom Verein der Feuerwehr und der Gemeinde zu gleichen Teilen finanzierter MTW vervollst\u00e4ndigte den Fuhrpark. 1999 wurde f\u00fcr das TSF eine Ersatzbeschaffung notwendig. Am 8. Februar 1999 wurde das Fahrzeug, ein TSF\/W, in Dienst gestellt. Eine Erweiterung des Fuhrparks um zwei Feuerwehranh\u00e4nger, ein Feuerwehranh\u00e4nger Schlauch und ein Feuerwehranh\u00e4nger Wasserwerfer, wurde im August 1999 durch den Verein der Freiwilligen Feuerwehr angeschafft. Im Jahr 2002 wird ein vorhandener Schlauchanh\u00e4nger in Eigenleistung zu einem Lichtanh\u00e4nger umgebaut. Dieser erm\u00f6glicht dann erstmals das gro\u00dfr\u00e4umige Ausleuchten von Einsatzstellen.<\/p><p>Eine Jugendfeuerwehr wurde 1970 auf Initiative von Kamerad Walter Appelt ins Leben gerufen.<\/p><p>Den technischen Anforderungen entsprechend wurden in den letzten Jahren wiederholt Erweiterungen des Ger\u00e4tehauses notwendig. So konnten 1966 und 1969 durch die Spendenbereitschaft der Ortsb\u00fcrger und die Arbeitsleistung der Aktiven der Umbau der Unterkunft sowie der Neubau des Schlauchturms realisiert werden. Der heutige Stand ist auf die Bauzeit 1984-85 zur\u00fcckzuf\u00fchren, die in gemeinsamer Anstrengung der Gemeinde und der Aktiven einen Standplatz f\u00fcr das LF-16 schuf. Eine nochmalige Erweiterung des Ger\u00e4tehauses wurde Mitte der 90 Jahre notwendig. Durch Einf\u00fchrung der Computertechnik und erweiterten Ger\u00e4tepark wurde ein B\u00fcro und ein Lagerraum hinter dem bestehenden Ger\u00e4tehaus erbaut.<\/p><p>Die, f\u00fcr die Freiwillige Feuerwehr Klein-Gerau, herausragendsten Eins\u00e4tze waren:<br \/>1932 Brand des Klein-Gerauer Rathauses<br \/>1963 Brand eines Bauernhofes (Anwesen Reinheimer)<br \/>1971 Brand des Klein-Gerauer Volkshauses<br \/>1973 Brand des Klein-Gerauer Sportlerheimes<br \/>1974 Brand eines Bauernhofes (Anwesen Handstein)<br \/>1990 Gasexplosion Wohnhaus in der Gartenstra\u00dfe<br \/>1993 Zugungl\u00fcck zwischen Klein-Gerau und Weiterstadt<br \/>1996 Wohnhausbrand in der Wiesenstra\u00dfe<br \/>1999 Brand eines Pelletsilos der Firma S\u00fcdzucker in Gro\u00df-Gerau<br \/>2005 Drei Gro\u00dffeuer auf der Kreism\u00fclldeponie B\u00fcttelborn<\/p><p>Aus dem kulturellen Leben der Gemeinde ist die Feuerwehr nicht mehr wegzudenken. So wird seit 1970 der Feuerwehrball und zum 40. Vereinsjubil\u00e4um die Bannerweihe gefeiert. Seit 1982 wird der B\u00fcrgerschaft ein Sommernachtsfest sowie ein Schlachtfest und seit 1998 eine Weihnachtsbaumverbrennung angeboten und bei Veranstaltungen des Vereinsringes oder sportlichen Aktivit\u00e4ten mitgewirkt. Die gr\u00f6\u00dften Feste der Vereinsgeschichte waren zweifellos das 50j\u00e4hrige Vereinsjubil\u00e4um in Verbindung mit dem 35. Kreisfeuerwehrtag und die 750 Jahr Feier Klein-Geraus, bei denen zahlreiche G\u00e4ste begr\u00fc\u00dft werden konnten.<\/p>\t\t\t\t\t\t\t\t<\/div>\r\n\t\t\t\t<\/div>\r\n\t\t\t\t\t<\/div>\r\n\t\t<\/div>\r\n\t\t\t\t\t<\/div>\r\n\t\t<\/section>\r\n\t\t\t\t<\/div>\r\n\t\t","protected":false},"excerpt":{"rendered":"<p>Die Wende im organisierten Brandschutz der Gemeinde Klein-Gerau wurde am 2. Mai 1931 vollzogen. Auf Initiative des Kommandanten der Pflichtfeuerwehr, August Becker, fanden sich an diesem historischen Tag 28 interessierte B\u00fcrger im Rathaussaal ein, um \u00fcber die Gr\u00fcndung einer Freiwilligen Feuerwehr zu diskutieren. Ein Zirkular von B\u00fcrgermeister Lipp erbrachte nochmals 51 Unterschriften. Somit konnte am &hellip; <\/p>\n<p class=\"link-more\"><a href=\"https:\/\/www.ff-kg.de\/?page_id=203\" class=\"more-link\"><span class=\"screen-reader-text\">\u201eUnsere Geschichte\u201c<\/span> weiterlesen<\/a><\/p>\n","protected":false},"author":1,"featured_media":0,"parent":0,"menu_order":0,"comment_status":"closed","ping_status":"closed","template":"","meta":{"footnotes":""},"class_list":["post-203","page","type-page","status-publish","hentry"],"_links":{"self":[{"href":"https:\/\/www.ff-kg.de\/index.php?rest_route=\/wp\/v2\/pages\/203","targetHints":{"allow":["GET"]}}],"collection":[{"href":"https:\/\/www.ff-kg.de\/index.php?rest_route=\/wp\/v2\/pages"}],"about":[{"href":"https:\/\/www.ff-kg.de\/index.php?rest_route=\/wp\/v2\/types\/page"}],"author":[{"embeddable":true,"href":"https:\/\/www.ff-kg.de\/index.php?rest_route=\/wp\/v2\/users\/1"}],"replies":[{"embeddable":true,"href":"https:\/\/www.ff-kg.de\/index.php?rest_route=%2Fwp%2Fv2%2Fcomments&post=203"}],"version-history":[{"count":6,"href":"https:\/\/www.ff-kg.de\/index.php?rest_route=\/wp\/v2\/pages\/203\/revisions"}],"predecessor-version":[{"id":534,"href":"https:\/\/www.ff-kg.de\/index.php?rest_route=\/wp\/v2\/pages\/203\/revisions\/534"}],"wp:attachment":[{"href":"https:\/\/www.ff-kg.de\/index.php?rest_route=%2Fwp%2Fv2%2Fmedia&parent=203"}],"curies":[{"name":"wp","href":"https:\/\/api.w.org\/{rel}","templated":true}]}}