{"id":240,"date":"2019-01-20T17:11:59","date_gmt":"2019-01-20T16:11:59","guid":{"rendered":"http:\/\/www.ff-kg.de\/?page_id=240"},"modified":"2024-04-28T15:11:20","modified_gmt":"2024-04-28T13:11:20","slug":"iuk-gruppe-des-kreises-gross-gerau","status":"publish","type":"page","link":"https:\/\/www.ff-kg.de\/?page_id=240","title":{"rendered":"Sondereinheit"},"content":{"rendered":"\t\t<div data-elementor-type=\"wp-post\" data-elementor-id=\"240\" class=\"elementor elementor-240\" data-elementor-post-type=\"page\">\r\n\t\t\t\t\t\t<section class=\"elementor-section elementor-top-section elementor-element elementor-element-e35d14f elementor-section-stretched elementor-section-boxed elementor-section-height-default elementor-section-height-default\" data-id=\"e35d14f\" data-element_type=\"section\" data-settings=\"{&quot;stretch_section&quot;:&quot;section-stretched&quot;}\">\r\n\t\t\t\t\t\t<div class=\"elementor-container elementor-column-gap-default\">\r\n\t\t\t\t\t<div class=\"elementor-column elementor-col-100 elementor-top-column elementor-element elementor-element-af8e3bc\" data-id=\"af8e3bc\" data-element_type=\"column\">\r\n\t\t\t<div class=\"elementor-widget-wrap elementor-element-populated\">\r\n\t\t\t\t\t\t<div class=\"elementor-element elementor-element-c018951 elementor-widget elementor-widget-heading\" data-id=\"c018951\" data-element_type=\"widget\" data-widget_type=\"heading.default\">\r\n\t\t\t\t<div class=\"elementor-widget-container\">\r\n\t\t\t\t\t<h1 class=\"elementor-heading-title elementor-size-xl\">Sondereinheit<\/h1>\t\t\t\t<\/div>\r\n\t\t\t\t<\/div>\r\n\t\t\t\t\t<\/div>\r\n\t\t<\/div>\r\n\t\t\t\t\t<\/div>\r\n\t\t<\/section>\r\n\t\t\t\t<section class=\"elementor-section elementor-top-section elementor-element elementor-element-50dc965 elementor-section-boxed elementor-section-height-default elementor-section-height-default\" data-id=\"50dc965\" data-element_type=\"section\">\r\n\t\t\t\t\t\t<div class=\"elementor-container elementor-column-gap-default\">\r\n\t\t\t\t\t<div class=\"elementor-column elementor-col-100 elementor-top-column elementor-element elementor-element-d962ec4\" data-id=\"d962ec4\" data-element_type=\"column\">\r\n\t\t\t<div class=\"elementor-widget-wrap elementor-element-populated\">\r\n\t\t\t\t\t\t<div class=\"elementor-element elementor-element-36eff23 elementor-widget elementor-widget-spacer\" data-id=\"36eff23\" data-element_type=\"widget\" data-widget_type=\"spacer.default\">\r\n\t\t\t\t<div class=\"elementor-widget-container\">\r\n\t\t\t\t\t\t\t<div class=\"elementor-spacer\">\r\n\t\t\t<div class=\"elementor-spacer-inner\"><\/div>\r\n\t\t<\/div>\r\n\t\t\t\t\t\t<\/div>\r\n\t\t\t\t<\/div>\r\n\t\t\t\t\t<\/div>\r\n\t\t<\/div>\r\n\t\t\t\t\t<\/div>\r\n\t\t<\/section>\r\n\t\t\t\t<section class=\"elementor-section elementor-top-section elementor-element elementor-element-5fb8670 elementor-section-stretched elementor-section-boxed elementor-section-height-default elementor-section-height-default\" data-id=\"5fb8670\" data-element_type=\"section\" data-settings=\"{&quot;stretch_section&quot;:&quot;section-stretched&quot;}\">\r\n\t\t\t\t\t\t<div class=\"elementor-container elementor-column-gap-default\">\r\n\t\t\t\t\t<div class=\"elementor-column elementor-col-100 elementor-top-column elementor-element elementor-element-eb182fc\" data-id=\"eb182fc\" data-element_type=\"column\">\r\n\t\t\t<div class=\"elementor-widget-wrap elementor-element-populated\">\r\n\t\t\t\t\t\t<div class=\"elementor-element elementor-element-ecc8ecb elementor-widget elementor-widget-text-editor\" data-id=\"ecc8ecb\" data-element_type=\"widget\" data-widget_type=\"text-editor.default\">\r\n\t\t\t\t<div class=\"elementor-widget-container\">\r\n\t\t\t\t\t\t\t\t\t<p>Nach dem hessischen Katastrophenschutzkonzept stehen f\u00fcr die Errichtung der erforderlichen Kommunikationstechnik in jedem Landkreis die Informations- und Kommunikationsgruppen zur Verf\u00fcgung. Die Aufgabe der IuK-Gruppe ist es, bei Gro\u00dfschadensereignissen oder im Katastrophenfall den Nachrichtenverlauf f\u00fcr den Katastrophenschutzstab des Kreises Gro\u00df-Gerau sicherzustellen.<\/p>\t\t\t\t\t\t\t\t<\/div>\r\n\t\t\t\t<\/div>\r\n\t\t\t\t\t<\/div>\r\n\t\t<\/div>\r\n\t\t\t\t\t<\/div>\r\n\t\t<\/section>\r\n\t\t\t\t<section class=\"elementor-section elementor-top-section elementor-element elementor-element-e89ae84 elementor-section-stretched elementor-section-boxed elementor-section-height-default elementor-section-height-default\" data-id=\"e89ae84\" data-element_type=\"section\" data-settings=\"{&quot;stretch_section&quot;:&quot;section-stretched&quot;}\">\r\n\t\t\t\t\t\t<div class=\"elementor-container elementor-column-gap-default\">\r\n\t\t\t\t\t<div class=\"elementor-column elementor-col-100 elementor-top-column elementor-element elementor-element-2728ab2\" data-id=\"2728ab2\" data-element_type=\"column\">\r\n\t\t\t<div class=\"elementor-widget-wrap elementor-element-populated\">\r\n\t\t\t\t\t\t<div class=\"elementor-element elementor-element-38ef29e elementor-widget elementor-widget-image\" data-id=\"38ef29e\" data-element_type=\"widget\" data-widget_type=\"image.default\">\r\n\t\t\t\t<div class=\"elementor-widget-container\">\r\n\t\t\t\t\t\t\t\t\t\t\t\t<figure class=\"wp-caption\">\r\n\t\t\t\t\t\t\t\t\t\t<img fetchpriority=\"high\" decoding=\"async\" width=\"525\" height=\"295\" src=\"https:\/\/www.ff-kg.de\/wp-content\/uploads\/2019\/04\/Foto-16.09.17-20-29-36-768x432.jpg\" class=\"attachment-medium_large size-medium_large wp-image-1153\" alt=\"\" srcset=\"https:\/\/www.ff-kg.de\/wp-content\/uploads\/2019\/04\/Foto-16.09.17-20-29-36-768x432.jpg 768w, https:\/\/www.ff-kg.de\/wp-content\/uploads\/2019\/04\/Foto-16.09.17-20-29-36-300x169.jpg 300w, https:\/\/www.ff-kg.de\/wp-content\/uploads\/2019\/04\/Foto-16.09.17-20-29-36-1024x576.jpg 1024w, https:\/\/www.ff-kg.de\/wp-content\/uploads\/2019\/04\/Foto-16.09.17-20-29-36.jpg 1280w\" sizes=\"100vw\" \/>\t\t\t\t\t\t\t\t\t\t\t<figcaption class=\"widget-image-caption wp-caption-text\">Die IuK- Einheit bestehend aus dem GW-IuK (Gemeinde B\u00fcttelborn) und dem ELW 2 (Feuerwehr R\u00fcsselsheim)<\/figcaption>\r\n\t\t\t\t\t\t\t\t\t\t<\/figure>\r\n\t\t\t\t\t\t\t\t\t<\/div>\r\n\t\t\t\t<\/div>\r\n\t\t\t\t\t<\/div>\r\n\t\t<\/div>\r\n\t\t\t\t\t<\/div>\r\n\t\t<\/section>\r\n\t\t\t\t<section class=\"elementor-section elementor-top-section elementor-element elementor-element-bdace26 elementor-section-stretched elementor-section-boxed elementor-section-height-default elementor-section-height-default\" data-id=\"bdace26\" data-element_type=\"section\" data-settings=\"{&quot;stretch_section&quot;:&quot;section-stretched&quot;}\">\r\n\t\t\t\t\t\t<div class=\"elementor-container elementor-column-gap-default\">\r\n\t\t\t\t\t<div class=\"elementor-column elementor-col-100 elementor-top-column elementor-element elementor-element-b69d2cc\" data-id=\"b69d2cc\" data-element_type=\"column\">\r\n\t\t\t<div class=\"elementor-widget-wrap elementor-element-populated\">\r\n\t\t\t\t\t\t<div class=\"elementor-element elementor-element-9f74352 elementor-widget elementor-widget-text-editor\" data-id=\"9f74352\" data-element_type=\"widget\" data-widget_type=\"text-editor.default\">\r\n\t\t\t\t<div class=\"elementor-widget-container\">\r\n\t\t\t\t\t\t\t\t\t<div class=\"bildRechts\"><p>Wie alle anderen Feuerwehren der Bundesrepublik Deutschland, \u00fcbernimmt auch die Feuerwehr Klein-Gerau allgemeine Aufgaben des Feuerwehrwesens. Diese umfassen den Schutz von Menschenleben, Tieren, Sachwerten und des nat\u00fcrlichen Lebensraumes. Zus\u00e4tzlich zu diesen allgemeinen Feuerwehraufgaben, ist bei den Feuerwehren der Gemeinde B\u00fcttelborn auch eine Einheit des Katastrophenschutzes eingerichtet worden.<br \/>Mitte 2002 ist das Betriebsteam des Ger\u00e4tewagens IuK (GW-IuK) ehemals IuK-Gruppe f\u00fcr den Landkreis Gro\u00df-Gerau in der Gemeinde B\u00fcttelborn mit den Ortsteilen B\u00fcttelborn, Klein-Gerau und Worfelden installiert worden. IuK steht f\u00fcr Information und Kommunikation. Das Betriebsteam besteht nach dem Landeskatastrophenschutzkonzept Hessen aus acht Personen (Die Personalst\u00e4rke ist hier anders als im Feuerwehrdienst \u00fcblich aufgestellt). Damit auch f\u00fcr l\u00e4ngere Einsatzzeiten gen\u00fcgend Personal zur Verf\u00fcgung steht, wird mit einer 100% Personalreserve gerechnet, das Betriebsteam sollte demnach aus 16 Personen bestehen. Das Personal wird aus den drei Ortsteilen gestellt und \u00fcbernimmt im Einsatzfall nach Landeskatastrophenschutzkonzept Hessen mit der Teileinheit des ELW 2 aus R\u00fcsselsheim Stadt die Funktion der IuK Gruppe im Landkreis Gro\u00df-Gerau.<br \/>Der Einheit stehe zur Aus\u00fcbung Ihrer Aufgaben nach Norm ein Fahrzeug (GW IuK) zur Verf\u00fcgung. Der Landkreis Gro\u00df-Gerau stellt der Einheit einen Anh\u00e4nger zum Mitf\u00fchren erweiterter Technik zur Verf\u00fcgung.<\/p><h3>Information und Kommunikation<\/h3><p>Jeder Einsatz erfordert zwischen den F\u00fchrungsebenen, der eingesetzten Einheiten, sichere Kommunikationsverbindungen. Da dies bei der Vielzahl der Einsatzkr\u00e4fte im Katastrophenfall besonders wichtig ist, kommt dem Aufgabenbereich &#8222;IuK&#8220; eine gro\u00dfe Bedeutung zu. F\u00fcr die Kommunikation steht in Hessen auch im Katastrophenfall grunds\u00e4tzlich das gemeinsame Funknetz des Landes f\u00fcr den Brandschutz, den Katastrophenschutz und den Rettungsdienst unter funkbetrieblicher Leitung der jeweiligen Zentralen Leitstelle zur Verf\u00fcgung. Die Ausstattung der meisten Einsatzfahrzeuge mit Funkger\u00e4ten und die IuK-technische Ausstattung der Einsatzleitwagen erm\u00f6glichen in Verbindung mit dem gemeinsamen Funknetz auch bei Gro\u00dfeins\u00e4tzen den Betrieb der Kommunikationsnetze. Diese m\u00fcssen jeweils der taktischen Gliederung angepasst werden.<br \/>F\u00fcr den bei einem Katastrophenschutz-Stab erforderlichen Kommunikationsbetrieb wird bei jedem Katastrophenschutz-Stab eine Informations- und Kommunikationszentrale (luKZt) eingerichtet.<br \/>F\u00fcr den Aufbau und Betrieb von im Einzelfall notwendigen zus\u00e4tzlichen Kommunikationsverbindungen oder -netzen, z.B. im Bereich einer Technischen Einsatzleitung (TEL) vor Ort an der Einsatzstelle, ist im Bereich jeder unteren Katastrophenschutzbeh\u00f6rde eine Informations- und Kommunikationsgruppe (IuKGr) vorgesehen.<\/p><h3>Katastrophenschutzeinheit<\/h3><p>Durch die Neukonzeption des Katastrophenschutzes im Land Hessen ist auch die IuK Gruppe neu aufgestellt worden. Ehemals war diese Einheit in den Fernmeldez\u00fcgen eines jeden Kreises integriert. Neben den Aufgaben bei Katastrophen kann diese Einheit schon bei kleinen Szenarien eingesetzt werden. So ist es z. B. bei einem Einsatz im ICE Tunnel bei Raunheim schwer m\u00f6glich direkt mit der Einsatzstelle im Tunnel per Funk zu kommunizieren. Hier kann eine Drahtverbindung die Kommunikation direkt zur Einsatzstelle sichern. Es ist auch denkbar, dass bei fl\u00e4chenm\u00e4\u00dfig gro\u00dfen Einsatzstellen wie Waldbr\u00e4nde oder Hochwasser an Rhein oder Main mit einer Drahtverbindung die Kommunikation zwischen den einzelnen Einsatzabschnitten sichergestellt wird. Meist ist es schon bei zeitgleichen Eins\u00e4tzen von z.B. drei Feuerwehren schwer m\u00f6glich mit der Leitstelle per Funk zu kommunizieren. Bei gr\u00f6\u00dferen Schadenslagen wird es dann aussichtslos, wenn jedes Fahrzeug per Funk Informationen von der Leitstelle bekommen m\u00f6chte. Hierf\u00fcr werden Einsatzabschnitte gebildet und diese bekommen von einer Befehlsstelle (TEL) direkt per Drahtverbindung Ihre Einsatzinformationen<br \/>Dass die Drahtverbindung und die eingesetzten Ger\u00e4te sich bei Eins\u00e4tzen bew\u00e4hren, zeigt sich bei vielen gr\u00f6\u00dferen Schadenslagen im Bundesgebiet. Hier funktionierte diese Technik zuverl\u00e4ssig neben den anderen modernen Kommunikationsm\u00f6glichkeiten wie Handy, Funk, usw.<\/p><h3>Aus- und Fortbildung<\/h3><p>Da die Aus- und Fortbildung aller Katastrophenschutzeinheiten mit dem Wegfall des Ost-West Konfliktes vernachl\u00e4ssigt wurde, besteht jetzt ein erheblicher Nachholbedarf. Erst mit der steigenden Terrorgefahr und der H\u00e4ufung von Naturkatastrophen in Deutschland ist das Bewusstsein f\u00fcr die Einheiten des Katastrophenschutzes wieder gewachsen. Das Betriebsteam des GW IuK des Kreises Gro\u00df-Gerau wurde in der Vergangenheit in Zusammenarbeit mit der IuK Gruppe der Stadt Frankfurt am Main unter Leitung eines sehr erfahrenen Ausbilders des THW Wiesbaden f\u00fcr die kommenden Aufgaben Ausgebildet. Da das Betriebsteam des GW IuK nat\u00fcrlich auch im Kreisgebiet \u00fcben muss, wird mehrfach im Jahr ge\u00fcbt. Hierbei werden \u00f6rtliche Kenntnisse mit dem \u00fcber\u00f6rtlich in Frankfurt Main Zeilsheim erlernten Wissen im Umgang mit Mannschaft und Ger\u00e4t vereint. Da auch in Zukunft der Kontakt Kreis\u00fcbergreifend einen Erfahrungsaustausch darstellt wird zu verschiedenen Betriebsteams in nachbarkreisen Kontakt gehalten.<\/p><\/div>\t\t\t\t\t\t\t\t<\/div>\r\n\t\t\t\t<\/div>\r\n\t\t\t\t\t<\/div>\r\n\t\t<\/div>\r\n\t\t\t\t\t<\/div>\r\n\t\t<\/section>\r\n\t\t\t\t<\/div>\r\n\t\t","protected":false},"excerpt":{"rendered":"<p>Sondereinheit Nach dem hessischen Katastrophenschutzkonzept stehen f\u00fcr die Errichtung der erforderlichen Kommunikationstechnik in jedem Landkreis die Informations- und Kommunikationsgruppen zur Verf\u00fcgung. Die Aufgabe der IuK-Gruppe ist es, bei Gro\u00dfschadensereignissen oder im Katastrophenfall den Nachrichtenverlauf f\u00fcr den Katastrophenschutzstab des Kreises Gro\u00df-Gerau sicherzustellen. Die IuK- Einheit bestehend aus dem GW-IuK (Gemeinde B\u00fcttelborn) und dem ELW 2 (Feuerwehr &hellip; <\/p>\n<p class=\"link-more\"><a href=\"https:\/\/www.ff-kg.de\/?page_id=240\" class=\"more-link\"><span class=\"screen-reader-text\">\u201eSondereinheit\u201c<\/span> weiterlesen<\/a><\/p>\n","protected":false},"author":1,"featured_media":0,"parent":0,"menu_order":0,"comment_status":"closed","ping_status":"closed","template":"","meta":{"footnotes":""},"class_list":["post-240","page","type-page","status-publish","hentry"],"_links":{"self":[{"href":"https:\/\/www.ff-kg.de\/index.php?rest_route=\/wp\/v2\/pages\/240","targetHints":{"allow":["GET"]}}],"collection":[{"href":"https:\/\/www.ff-kg.de\/index.php?rest_route=\/wp\/v2\/pages"}],"about":[{"href":"https:\/\/www.ff-kg.de\/index.php?rest_route=\/wp\/v2\/types\/page"}],"author":[{"embeddable":true,"href":"https:\/\/www.ff-kg.de\/index.php?rest_route=\/wp\/v2\/users\/1"}],"replies":[{"embeddable":true,"href":"https:\/\/www.ff-kg.de\/index.php?rest_route=%2Fwp%2Fv2%2Fcomments&post=240"}],"version-history":[{"count":17,"href":"https:\/\/www.ff-kg.de\/index.php?rest_route=\/wp\/v2\/pages\/240\/revisions"}],"predecessor-version":[{"id":3629,"href":"https:\/\/www.ff-kg.de\/index.php?rest_route=\/wp\/v2\/pages\/240\/revisions\/3629"}],"wp:attachment":[{"href":"https:\/\/www.ff-kg.de\/index.php?rest_route=%2Fwp%2Fv2%2Fmedia&parent=240"}],"curies":[{"name":"wp","href":"https:\/\/api.w.org\/{rel}","templated":true}]}}