{"id":3598,"date":"2024-04-28T14:56:46","date_gmt":"2024-04-28T12:56:46","guid":{"rendered":"http:\/\/www.ff-kg.de\/?page_id=3598"},"modified":"2024-10-22T10:40:22","modified_gmt":"2024-10-22T08:40:22","slug":"elementor-3598","status":"publish","type":"page","link":"https:\/\/www.ff-kg.de\/?page_id=3598","title":{"rendered":"Unser neues LF 10"},"content":{"rendered":"\t\t<div data-elementor-type=\"wp-page\" data-elementor-id=\"3598\" class=\"elementor elementor-3598\" data-elementor-post-type=\"page\">\r\n\t\t\t\t\t\t<section class=\"elementor-section elementor-top-section elementor-element elementor-element-27648c2 elementor-section-boxed elementor-section-height-default elementor-section-height-default\" data-id=\"27648c2\" data-element_type=\"section\">\r\n\t\t\t\t\t\t<div class=\"elementor-container elementor-column-gap-default\">\r\n\t\t\t\t\t<div class=\"elementor-column elementor-col-100 elementor-top-column elementor-element elementor-element-2d335d9\" data-id=\"2d335d9\" data-element_type=\"column\">\r\n\t\t\t<div class=\"elementor-widget-wrap elementor-element-populated\">\r\n\t\t\t\t\t\t<div class=\"elementor-element elementor-element-1779567 elementor-widget elementor-widget-heading\" data-id=\"1779567\" data-element_type=\"widget\" data-widget_type=\"heading.default\">\r\n\t\t\t\t<div class=\"elementor-widget-container\">\r\n\t\t\t\t\t<h2 class=\"elementor-heading-title elementor-size-xl\">L\u00f6schgruppenfahrzeug 10<\/h2>\t\t\t\t<\/div>\r\n\t\t\t\t<\/div>\r\n\t\t\t\t\t<\/div>\r\n\t\t<\/div>\r\n\t\t\t\t\t<\/div>\r\n\t\t<\/section>\r\n\t\t\t\t<section class=\"elementor-section elementor-top-section elementor-element elementor-element-6472c05 elementor-section-boxed elementor-section-height-default elementor-section-height-default\" data-id=\"6472c05\" data-element_type=\"section\">\r\n\t\t\t\t\t\t<div class=\"elementor-container elementor-column-gap-default\">\r\n\t\t\t\t\t<div class=\"elementor-column elementor-col-100 elementor-top-column elementor-element elementor-element-c98195f\" data-id=\"c98195f\" data-element_type=\"column\">\r\n\t\t\t<div class=\"elementor-widget-wrap elementor-element-populated\">\r\n\t\t\t\t\t\t<div class=\"elementor-element elementor-element-15ac0de elementor-widget elementor-widget-image\" data-id=\"15ac0de\" data-element_type=\"widget\" data-widget_type=\"image.default\">\r\n\t\t\t\t<div class=\"elementor-widget-container\">\r\n\t\t\t\t\t\t\t\t\t\t\t\t\t\t\t<img fetchpriority=\"high\" decoding=\"async\" width=\"1545\" height=\"865\" src=\"https:\/\/www.ff-kg.de\/wp-content\/uploads\/2024\/04\/WhatsApp-Bild-2024-04-28-um-14.32.20_3e2f49ce-1-e1714308674231.jpg\" class=\"attachment-full size-full wp-image-3592\" alt=\"\" srcset=\"https:\/\/www.ff-kg.de\/wp-content\/uploads\/2024\/04\/WhatsApp-Bild-2024-04-28-um-14.32.20_3e2f49ce-1-e1714308674231.jpg 1545w, https:\/\/www.ff-kg.de\/wp-content\/uploads\/2024\/04\/WhatsApp-Bild-2024-04-28-um-14.32.20_3e2f49ce-1-e1714308674231-300x168.jpg 300w, https:\/\/www.ff-kg.de\/wp-content\/uploads\/2024\/04\/WhatsApp-Bild-2024-04-28-um-14.32.20_3e2f49ce-1-e1714308674231-1024x573.jpg 1024w, https:\/\/www.ff-kg.de\/wp-content\/uploads\/2024\/04\/WhatsApp-Bild-2024-04-28-um-14.32.20_3e2f49ce-1-e1714308674231-768x430.jpg 768w, https:\/\/www.ff-kg.de\/wp-content\/uploads\/2024\/04\/WhatsApp-Bild-2024-04-28-um-14.32.20_3e2f49ce-1-e1714308674231-1536x860.jpg 1536w\" sizes=\"100vw\" \/>\t\t\t\t\t\t\t\t\t\t\t\t\t\t\t<\/div>\r\n\t\t\t\t<\/div>\r\n\t\t\t\t\t<\/div>\r\n\t\t<\/div>\r\n\t\t\t\t\t<\/div>\r\n\t\t<\/section>\r\n\t\t\t\t<section class=\"elementor-section elementor-top-section elementor-element elementor-element-1bab8c6 elementor-section-boxed elementor-section-height-default elementor-section-height-default\" data-id=\"1bab8c6\" data-element_type=\"section\">\r\n\t\t\t\t\t\t<div class=\"elementor-container elementor-column-gap-default\">\r\n\t\t\t\t\t<div class=\"elementor-column elementor-col-100 elementor-top-column elementor-element elementor-element-85e9da0\" data-id=\"85e9da0\" data-element_type=\"column\">\r\n\t\t\t<div class=\"elementor-widget-wrap elementor-element-populated\">\r\n\t\t\t\t\t\t<div class=\"elementor-element elementor-element-5e58693 elementor-widget elementor-widget-spacer\" data-id=\"5e58693\" data-element_type=\"widget\" data-widget_type=\"spacer.default\">\r\n\t\t\t\t<div class=\"elementor-widget-container\">\r\n\t\t\t\t\t\t\t<div class=\"elementor-spacer\">\r\n\t\t\t<div class=\"elementor-spacer-inner\"><\/div>\r\n\t\t<\/div>\r\n\t\t\t\t\t\t<\/div>\r\n\t\t\t\t<\/div>\r\n\t\t\t\t\t<\/div>\r\n\t\t<\/div>\r\n\t\t\t\t\t<\/div>\r\n\t\t<\/section>\r\n\t\t\t\t<section class=\"elementor-section elementor-top-section elementor-element elementor-element-20c29c1 elementor-section-boxed elementor-section-height-default elementor-section-height-default\" data-id=\"20c29c1\" data-element_type=\"section\">\r\n\t\t\t\t\t\t<div class=\"elementor-container elementor-column-gap-default\">\r\n\t\t\t\t\t<div class=\"elementor-column elementor-col-100 elementor-top-column elementor-element elementor-element-d6e1b14\" data-id=\"d6e1b14\" data-element_type=\"column\">\r\n\t\t\t<div class=\"elementor-widget-wrap elementor-element-populated\">\r\n\t\t\t\t\t\t<div class=\"elementor-element elementor-element-bf1b194 elementor-widget elementor-widget-text-editor\" data-id=\"bf1b194\" data-element_type=\"widget\" data-widget_type=\"text-editor.default\">\r\n\t\t\t\t<div class=\"elementor-widget-container\">\r\n\t\t\t\t\t\t\t\t\t<div class=\"xdj266r x11i5rnm xat24cr x1mh8g0r x1vvkbs x126k92a\"><div dir=\"auto\">Freitag, der 26.04.2024, war ein ganz besonderers erfreulicher und dennoch sehr trauriger Tag f\u00fcr uns, denn nach 25 treu geleisteten Dienstjahren, mit unwahrscheinlich vielen Eins\u00e4tzen und tollen \u00dcbungen, wechselt unser TSF-W heute in die Alters-und Ehrenabteilung.<\/div><div dir=\"auto\">Liebes, altes TSF-W, es war uns wirklich ein Fest, wir werden dich sehr vermissen!\u00a0<\/div><div dir=\"auto\">\u00a0<\/div><\/div><div class=\"x11i5rnm xat24cr x1mh8g0r x1vvkbs xtlvy1s x126k92a\"><div dir=\"auto\">F\u00fcr einen hoffentlich w\u00fcrdigen Nachfolger wurde durch uns aber dennoch gesorgt. Heute d\u00fcrfen wir voller Stolz unser neues LF 10, der Firma Wiss, bei uns willkommen hei\u00dfen!<\/div><div dir=\"auto\">Wir hoffen auf viele gemeinsame Eins\u00e4tze und \u00dcbungsstunden mit dir und freuen uns auf viele gemeinsame Jahre.<\/div><div dir=\"auto\">\u00a0<\/div><div dir=\"auto\">Herzlich willkommen in der Feuerwehr Klein-Gerau! <span class=\"x3nfvp2 x1j61x8r x1fcty0u xdj266r xhhsvwb xat24cr xgzva0m xxymvpz xlup9mm x1kky2od\"><img decoding=\"async\" class=\"xz74otr\" src=\"https:\/\/static.xx.fbcdn.net\/images\/emoji.php\/v9\/t67\/1\/16\/1f692.png\" alt=\"\ud83d\ude92\" width=\"16\" height=\"16\" \/><br \/><\/span><\/div><div dir=\"auto\"><span class=\"x3nfvp2 x1j61x8r x1fcty0u xdj266r xhhsvwb xat24cr xgzva0m xxymvpz xlup9mm x1kky2od\">\u00a0<\/span><\/div><\/div>\t\t\t\t\t\t\t\t<\/div>\r\n\t\t\t\t<\/div>\r\n\t\t\t\t\t<\/div>\r\n\t\t<\/div>\r\n\t\t\t\t\t<\/div>\r\n\t\t<\/section>\r\n\t\t\t\t<section class=\"elementor-section elementor-top-section elementor-element elementor-element-a7b0da7 elementor-section-boxed elementor-section-height-default elementor-section-height-default\" data-id=\"a7b0da7\" data-element_type=\"section\">\r\n\t\t\t\t\t\t<div class=\"elementor-container elementor-column-gap-default\">\r\n\t\t\t\t\t<div class=\"elementor-column elementor-col-100 elementor-top-column elementor-element elementor-element-2573826\" data-id=\"2573826\" data-element_type=\"column\">\r\n\t\t\t<div class=\"elementor-widget-wrap elementor-element-populated\">\r\n\t\t\t\t\t\t<div class=\"elementor-element elementor-element-dbb4fad elementor-widget elementor-widget-spacer\" data-id=\"dbb4fad\" data-element_type=\"widget\" data-widget_type=\"spacer.default\">\r\n\t\t\t\t<div class=\"elementor-widget-container\">\r\n\t\t\t\t\t\t\t<div class=\"elementor-spacer\">\r\n\t\t\t<div class=\"elementor-spacer-inner\"><\/div>\r\n\t\t<\/div>\r\n\t\t\t\t\t\t<\/div>\r\n\t\t\t\t<\/div>\r\n\t\t\t\t\t<\/div>\r\n\t\t<\/div>\r\n\t\t\t\t\t<\/div>\r\n\t\t<\/section>\r\n\t\t\t\t<section class=\"elementor-section elementor-top-section elementor-element elementor-element-6fb64ac elementor-section-full_width elementor-section-stretched elementor-section-height-default elementor-section-height-default\" data-id=\"6fb64ac\" data-element_type=\"section\" data-settings=\"{&quot;stretch_section&quot;:&quot;section-stretched&quot;}\">\r\n\t\t\t\t\t\t<div class=\"elementor-container elementor-column-gap-default\">\r\n\t\t\t\t\t<div class=\"elementor-column elementor-col-50 elementor-top-column elementor-element elementor-element-e9e841e\" data-id=\"e9e841e\" data-element_type=\"column\">\r\n\t\t\t<div class=\"elementor-widget-wrap elementor-element-populated\">\r\n\t\t\t\t\t\t<div class=\"elementor-element elementor-element-dd27363 elementor-widget elementor-widget-image\" data-id=\"dd27363\" data-element_type=\"widget\" data-widget_type=\"image.default\">\r\n\t\t\t\t<div class=\"elementor-widget-container\">\r\n\t\t\t\t\t\t\t\t\t\t\t\t\t\t\t<img decoding=\"async\" width=\"1933\" height=\"1093\" src=\"https:\/\/www.ff-kg.de\/wp-content\/uploads\/2024\/05\/IMG-20240504-WA0010.jpg\" class=\"attachment-full size-full wp-image-3803\" alt=\"\" srcset=\"https:\/\/www.ff-kg.de\/wp-content\/uploads\/2024\/05\/IMG-20240504-WA0010.jpg 1933w, https:\/\/www.ff-kg.de\/wp-content\/uploads\/2024\/05\/IMG-20240504-WA0010-300x170.jpg 300w, https:\/\/www.ff-kg.de\/wp-content\/uploads\/2024\/05\/IMG-20240504-WA0010-1024x579.jpg 1024w, https:\/\/www.ff-kg.de\/wp-content\/uploads\/2024\/05\/IMG-20240504-WA0010-768x434.jpg 768w, https:\/\/www.ff-kg.de\/wp-content\/uploads\/2024\/05\/IMG-20240504-WA0010-1536x869.jpg 1536w\" sizes=\"100vw\" \/>\t\t\t\t\t\t\t\t\t\t\t\t\t\t\t<\/div>\r\n\t\t\t\t<\/div>\r\n\t\t\t\t\t<\/div>\r\n\t\t<\/div>\r\n\t\t\t\t<div class=\"elementor-column elementor-col-50 elementor-top-column elementor-element elementor-element-02bfdad\" data-id=\"02bfdad\" data-element_type=\"column\">\r\n\t\t\t<div class=\"elementor-widget-wrap elementor-element-populated\">\r\n\t\t\t\t\t\t<div class=\"elementor-element elementor-element-0ded4b9 elementor-widget elementor-widget-text-editor\" data-id=\"0ded4b9\" data-element_type=\"widget\" data-widget_type=\"text-editor.default\">\r\n\t\t\t\t<div class=\"elementor-widget-container\">\r\n\t\t\t\t\t\t\t\t\t<table style=\"height: 440px;\" border=\"0\" width=\"441\" rules=\"groups\">\n<tbody>\n<tr>\n<td valign=\"top\" height=\"25\">Fahrgestell:<\/td>\n<td valign=\"top\" height=\"25\">MAN TG 3 13.290 4&#215;4<\/td>\n<\/tr>\n<tr>\n<td valign=\"top\" height=\"25\">Aufbau:<\/td>\n<td valign=\"top\" height=\"25\">WISS GmbH und Co. KG Feuerwehrfahrzeuge<br><\/td>\n<\/tr>\n<tr>\n<td valign=\"top\" height=\"25\">Baujahr:<\/td>\n<td valign=\"top\" height=\"25\">2023<\/td>\n<\/tr>\n<tr>\n<td valign=\"top\" height=\"25\">Dienstzeit:<\/td>\n<td valign=\"top\" height=\"25\">seit 04\/2024<br><\/td>\n<\/tr>\n<tr>\n<td valign=\"top\" height=\"25\">zul. Gesamtmasse:<\/td>\n<td valign=\"top\" height=\"25\">14.000 kg<\/td>\n<\/tr>\n<tr>\n<td valign=\"top\" height=\"25\">Motorleistung:<\/td>\n<td valign=\"top\" height=\"25\"><br><\/td>\n<\/tr>\n<tr>\n<td valign=\"top\" height=\"25\">Besatzung:<\/td>\n<td valign=\"top\" height=\"25\">9 Personen<\/td>\n<\/tr>\n<tr>\n<td valign=\"top\" height=\"25\">Pumpe:<\/td>\n<td valign=\"top\" height=\"25\">FPN 10-2000 (Pump&amp;Roll)<br><\/td>\n<\/tr>\n<tr>\n<td valign=\"top\" height=\"25\">\n<p>L\u00f6schmittelbeh\u00e4lter:<\/p>\n<p>Schaumtank:<\/p>\n<\/td>\n<td valign=\"top\" height=\"25\">\n<p>1600 l Wasser&nbsp;&nbsp;<\/p>\n<p>120 l<\/p>\n<\/td>\n<\/tr>\n<\/tbody>\n<\/table>\t\t\t\t\t\t\t\t<\/div>\r\n\t\t\t\t<\/div>\r\n\t\t\t\t\t<\/div>\r\n\t\t<\/div>\r\n\t\t\t\t\t<\/div>\r\n\t\t<\/section>\r\n\t\t\t\t<section class=\"elementor-section elementor-top-section elementor-element elementor-element-2caf98c elementor-section-boxed elementor-section-height-default elementor-section-height-default\" data-id=\"2caf98c\" data-element_type=\"section\">\r\n\t\t\t\t\t\t<div class=\"elementor-container elementor-column-gap-default\">\r\n\t\t\t\t\t<div class=\"elementor-column elementor-col-100 elementor-top-column elementor-element elementor-element-0aced5b\" data-id=\"0aced5b\" data-element_type=\"column\">\r\n\t\t\t<div class=\"elementor-widget-wrap elementor-element-populated\">\r\n\t\t\t\t\t\t<div class=\"elementor-element elementor-element-55997f2 elementor-widget-divider--view-line elementor-widget elementor-widget-divider\" data-id=\"55997f2\" data-element_type=\"widget\" data-widget_type=\"divider.default\">\r\n\t\t\t\t<div class=\"elementor-widget-container\">\r\n\t\t\t\t\t\t\t<div class=\"elementor-divider\">\r\n\t\t\t<span class=\"elementor-divider-separator\">\r\n\t\t\t\t\t\t<\/span>\r\n\t\t<\/div>\r\n\t\t\t\t\t\t<\/div>\r\n\t\t\t\t<\/div>\r\n\t\t\t\t\t<\/div>\r\n\t\t<\/div>\r\n\t\t\t\t\t<\/div>\r\n\t\t<\/section>\r\n\t\t\t\t<section class=\"elementor-section elementor-top-section elementor-element elementor-element-71865df elementor-section-stretched elementor-section-boxed elementor-section-height-default elementor-section-height-default\" data-id=\"71865df\" data-element_type=\"section\" data-settings=\"{&quot;stretch_section&quot;:&quot;section-stretched&quot;}\">\r\n\t\t\t\t\t\t<div class=\"elementor-container elementor-column-gap-default\">\r\n\t\t\t\t\t<div class=\"elementor-column elementor-col-100 elementor-top-column elementor-element elementor-element-8cffcc9\" data-id=\"8cffcc9\" data-element_type=\"column\">\r\n\t\t\t<div class=\"elementor-widget-wrap elementor-element-populated\">\r\n\t\t\t\t\t\t<div class=\"elementor-element elementor-element-5652b47 elementor-arrows-position-inside elementor-pagination-position-outside elementor-widget elementor-widget-image-carousel\" data-id=\"5652b47\" data-element_type=\"widget\" data-settings=\"{&quot;navigation&quot;:&quot;both&quot;,&quot;autoplay&quot;:&quot;yes&quot;,&quot;pause_on_hover&quot;:&quot;yes&quot;,&quot;pause_on_interaction&quot;:&quot;yes&quot;,&quot;autoplay_speed&quot;:5000,&quot;infinite&quot;:&quot;yes&quot;,&quot;speed&quot;:500}\" data-widget_type=\"image-carousel.default\">\r\n\t\t\t\t<div class=\"elementor-widget-container\">\r\n\t\t\t\t\t\t\t<div class=\"elementor-image-carousel-wrapper swiper\" role=\"region\" aria-roledescription=\"carousel\" aria-label=\"Bild Karussell\" dir=\"ltr\">\r\n\t\t\t<div class=\"elementor-image-carousel swiper-wrapper\" aria-live=\"off\">\r\n\t\t\t\t\t\t\t\t<div class=\"swiper-slide\" role=\"group\" aria-roledescription=\"slide\" aria-label=\"1 von 17\"><figure class=\"swiper-slide-inner\"><img decoding=\"async\" class=\"swiper-slide-image\" src=\"https:\/\/www.ff-kg.de\/wp-content\/uploads\/2024\/04\/WhatsApp-Bild-2024-04-26-um-19.49.21_2adb9a74-e1714731876915-400x400.jpg\" alt=\"WhatsApp Bild 2024-04-26 um 19.49.21_2adb9a74\" \/><\/figure><\/div><div class=\"swiper-slide\" role=\"group\" aria-roledescription=\"slide\" aria-label=\"2 von 17\"><figure class=\"swiper-slide-inner\"><img decoding=\"async\" class=\"swiper-slide-image\" src=\"https:\/\/www.ff-kg.de\/wp-content\/uploads\/2024\/05\/IMG-20240504-WA0014-400x400.jpg\" alt=\"IMG-20240504-WA0014\" \/><\/figure><\/div><div class=\"swiper-slide\" role=\"group\" aria-roledescription=\"slide\" aria-label=\"3 von 17\"><figure class=\"swiper-slide-inner\"><img decoding=\"async\" class=\"swiper-slide-image\" src=\"https:\/\/www.ff-kg.de\/wp-content\/uploads\/2024\/04\/WhatsApp-Bild-2024-04-26-um-19.49.16_e3979804-e1714731707373-400x400.jpg\" alt=\"WhatsApp Bild 2024-04-26 um 19.49.16_e3979804\" \/><\/figure><\/div><div class=\"swiper-slide\" role=\"group\" aria-roledescription=\"slide\" aria-label=\"4 von 17\"><figure class=\"swiper-slide-inner\"><img decoding=\"async\" class=\"swiper-slide-image\" src=\"https:\/\/www.ff-kg.de\/wp-content\/uploads\/2024\/05\/IMG-20240504-WA0018-400x400.jpg\" alt=\"IMG-20240504-WA0018\" \/><\/figure><\/div><div class=\"swiper-slide\" role=\"group\" aria-roledescription=\"slide\" aria-label=\"5 von 17\"><figure class=\"swiper-slide-inner\"><img decoding=\"async\" class=\"swiper-slide-image\" src=\"https:\/\/www.ff-kg.de\/wp-content\/uploads\/2024\/05\/IMG-20240504-WA0015-400x400.jpg\" alt=\"IMG-20240504-WA0015\" \/><\/figure><\/div><div class=\"swiper-slide\" role=\"group\" aria-roledescription=\"slide\" aria-label=\"6 von 17\"><figure class=\"swiper-slide-inner\"><img decoding=\"async\" class=\"swiper-slide-image\" src=\"https:\/\/www.ff-kg.de\/wp-content\/uploads\/2024\/04\/WhatsApp-Bild-2024-04-26-um-19.49.16_5ce25223-e1714311077417-400x400.jpg\" alt=\"WhatsApp Bild 2024-04-26 um 19.49.16_5ce25223\" \/><\/figure><\/div><div class=\"swiper-slide\" role=\"group\" aria-roledescription=\"slide\" aria-label=\"7 von 17\"><figure class=\"swiper-slide-inner\"><img decoding=\"async\" class=\"swiper-slide-image\" src=\"https:\/\/www.ff-kg.de\/wp-content\/uploads\/2024\/05\/IMG-20240504-WA0019-400x400.jpg\" alt=\"IMG-20240504-WA0019\" \/><\/figure><\/div><div class=\"swiper-slide\" role=\"group\" aria-roledescription=\"slide\" aria-label=\"8 von 17\"><figure class=\"swiper-slide-inner\"><img decoding=\"async\" class=\"swiper-slide-image\" src=\"https:\/\/www.ff-kg.de\/wp-content\/uploads\/2024\/04\/WhatsApp-Bild-2024-04-26-um-19.49.18_14b74b64-e1714731927964-400x400.jpg\" alt=\"WhatsApp Bild 2024-04-26 um 19.49.18_14b74b64\" \/><\/figure><\/div><div class=\"swiper-slide\" role=\"group\" aria-roledescription=\"slide\" aria-label=\"9 von 17\"><figure class=\"swiper-slide-inner\"><img decoding=\"async\" class=\"swiper-slide-image\" src=\"https:\/\/www.ff-kg.de\/wp-content\/uploads\/2024\/04\/WhatsApp-Bild-2024-04-26-um-19.49.10_81d9d6ad-e1714731955971-400x400.jpg\" alt=\"WhatsApp Bild 2024-04-26 um 19.49.10_81d9d6ad\" \/><\/figure><\/div><div class=\"swiper-slide\" role=\"group\" aria-roledescription=\"slide\" aria-label=\"10 von 17\"><figure class=\"swiper-slide-inner\"><img decoding=\"async\" class=\"swiper-slide-image\" src=\"https:\/\/www.ff-kg.de\/wp-content\/uploads\/2024\/05\/IMG-20240504-WA0004-e1714857510807-400x400.jpg\" alt=\"IMG-20240504-WA0004\" \/><\/figure><\/div><div class=\"swiper-slide\" role=\"group\" aria-roledescription=\"slide\" aria-label=\"11 von 17\"><figure class=\"swiper-slide-inner\"><img decoding=\"async\" class=\"swiper-slide-image\" src=\"https:\/\/www.ff-kg.de\/wp-content\/uploads\/2024\/10\/DSC9004-scaled-e1729586380669-400x400.jpg\" alt=\"_DSC9004\" \/><\/figure><\/div><div class=\"swiper-slide\" role=\"group\" aria-roledescription=\"slide\" aria-label=\"12 von 17\"><figure class=\"swiper-slide-inner\"><img decoding=\"async\" class=\"swiper-slide-image\" src=\"https:\/\/www.ff-kg.de\/wp-content\/uploads\/2024\/05\/IMG-20240504-WA0012-400x400.jpg\" alt=\"IMG-20240504-WA0012\" \/><\/figure><\/div><div class=\"swiper-slide\" role=\"group\" aria-roledescription=\"slide\" aria-label=\"13 von 17\"><figure class=\"swiper-slide-inner\"><img decoding=\"async\" class=\"swiper-slide-image\" src=\"https:\/\/www.ff-kg.de\/wp-content\/uploads\/2024\/05\/IMG-20240504-WA0016-400x400.jpg\" alt=\"IMG-20240504-WA0016\" \/><\/figure><\/div><div class=\"swiper-slide\" role=\"group\" aria-roledescription=\"slide\" aria-label=\"14 von 17\"><figure class=\"swiper-slide-inner\"><img decoding=\"async\" class=\"swiper-slide-image\" src=\"https:\/\/www.ff-kg.de\/wp-content\/uploads\/2024\/05\/IMG-20240504-WA0017-400x400.jpg\" alt=\"IMG-20240504-WA0017\" \/><\/figure><\/div><div class=\"swiper-slide\" role=\"group\" aria-roledescription=\"slide\" aria-label=\"15 von 17\"><figure class=\"swiper-slide-inner\"><img decoding=\"async\" class=\"swiper-slide-image\" src=\"https:\/\/www.ff-kg.de\/wp-content\/uploads\/2024\/05\/IMG-20240504-WA0020-400x400.jpg\" alt=\"IMG-20240504-WA0020\" \/><\/figure><\/div><div class=\"swiper-slide\" role=\"group\" aria-roledescription=\"slide\" aria-label=\"16 von 17\"><figure class=\"swiper-slide-inner\"><img decoding=\"async\" class=\"swiper-slide-image\" src=\"https:\/\/www.ff-kg.de\/wp-content\/uploads\/2024\/10\/DSC8805-scaled-e1729586327909-400x400.jpg\" alt=\"_DSC8805\" \/><\/figure><\/div><div class=\"swiper-slide\" role=\"group\" aria-roledescription=\"slide\" aria-label=\"17 von 17\"><figure class=\"swiper-slide-inner\"><img decoding=\"async\" class=\"swiper-slide-image\" src=\"https:\/\/www.ff-kg.de\/wp-content\/uploads\/2024\/10\/LF-10-Nacht-scaled-e1729586357404-400x400.jpg\" alt=\"LF 10 - Nacht\" \/><\/figure><\/div>\t\t\t<\/div>\r\n\t\t\t\t\t\t\t\t\t\t\t\t<div class=\"elementor-swiper-button elementor-swiper-button-prev\" role=\"button\" tabindex=\"0\">\r\n\t\t\t\t\t\t<i aria-hidden=\"true\" class=\"eicon-chevron-left\"><\/i>\t\t\t\t\t<\/div>\r\n\t\t\t\t\t<div class=\"elementor-swiper-button elementor-swiper-button-next\" role=\"button\" tabindex=\"0\">\r\n\t\t\t\t\t\t<i aria-hidden=\"true\" class=\"eicon-chevron-right\"><\/i>\t\t\t\t\t<\/div>\r\n\t\t\t\t\r\n\t\t\t\t\t\t\t\t\t<div class=\"swiper-pagination\"><\/div>\r\n\t\t\t\t\t\t\t\t\t<\/div>\r\n\t\t\t\t\t\t<\/div>\r\n\t\t\t\t<\/div>\r\n\t\t\t\t\t<\/div>\r\n\t\t<\/div>\r\n\t\t\t\t\t<\/div>\r\n\t\t<\/section>\r\n\t\t\t\t<\/div>\r\n\t\t","protected":false},"excerpt":{"rendered":"<p>L\u00f6schgruppenfahrzeug 10 Freitag, der 26.04.2024, war ein ganz besonderers erfreulicher und dennoch sehr trauriger Tag f\u00fcr uns, denn nach 25 treu geleisteten Dienstjahren, mit unwahrscheinlich vielen Eins\u00e4tzen und tollen \u00dcbungen, wechselt unser TSF-W heute in die Alters-und Ehrenabteilung.Liebes, altes TSF-W, es war uns wirklich ein Fest, wir werden dich sehr vermissen!\u00a0\u00a0F\u00fcr einen hoffentlich w\u00fcrdigen Nachfolger &hellip; <\/p>\n<p class=\"link-more\"><a href=\"https:\/\/www.ff-kg.de\/?page_id=3598\" class=\"more-link\"><span class=\"screen-reader-text\">\u201eUnser neues LF 10\u201c<\/span> weiterlesen<\/a><\/p>\n","protected":false},"author":1,"featured_media":0,"parent":0,"menu_order":0,"comment_status":"closed","ping_status":"closed","template":"","meta":{"footnotes":""},"class_list":["post-3598","page","type-page","status-publish","hentry"],"_links":{"self":[{"href":"https:\/\/www.ff-kg.de\/index.php?rest_route=\/wp\/v2\/pages\/3598","targetHints":{"allow":["GET"]}}],"collection":[{"href":"https:\/\/www.ff-kg.de\/index.php?rest_route=\/wp\/v2\/pages"}],"about":[{"href":"https:\/\/www.ff-kg.de\/index.php?rest_route=\/wp\/v2\/types\/page"}],"author":[{"embeddable":true,"href":"https:\/\/www.ff-kg.de\/index.php?rest_route=\/wp\/v2\/users\/1"}],"replies":[{"embeddable":true,"href":"https:\/\/www.ff-kg.de\/index.php?rest_route=%2Fwp%2Fv2%2Fcomments&post=3598"}],"version-history":[{"count":52,"href":"https:\/\/www.ff-kg.de\/index.php?rest_route=\/wp\/v2\/pages\/3598\/revisions"}],"predecessor-version":[{"id":4141,"href":"https:\/\/www.ff-kg.de\/index.php?rest_route=\/wp\/v2\/pages\/3598\/revisions\/4141"}],"wp:attachment":[{"href":"https:\/\/www.ff-kg.de\/index.php?rest_route=%2Fwp%2Fv2%2Fmedia&parent=3598"}],"curies":[{"name":"wp","href":"https:\/\/api.w.org\/{rel}","templated":true}]}}