{"id":3864,"date":"2024-06-11T10:56:14","date_gmt":"2024-06-11T08:56:14","guid":{"rendered":"http:\/\/www.ff-kg.de\/?page_id=3864"},"modified":"2025-05-18T14:01:54","modified_gmt":"2025-05-18T12:01:54","slug":"sommerfest-2024","status":"publish","type":"page","link":"https:\/\/www.ff-kg.de\/?page_id=3864","title":{"rendered":"Sommerfest 2024"},"content":{"rendered":"\t\t<div data-elementor-type=\"wp-page\" data-elementor-id=\"3864\" class=\"elementor elementor-3864\" data-elementor-post-type=\"page\">\r\n\t\t\t\t\t\t<section class=\"elementor-section elementor-top-section elementor-element elementor-element-219ffd0 elementor-section-boxed elementor-section-height-default elementor-section-height-default\" data-id=\"219ffd0\" data-element_type=\"section\">\r\n\t\t\t\t\t\t<div class=\"elementor-container elementor-column-gap-default\">\r\n\t\t\t\t\t<div class=\"elementor-column elementor-col-100 elementor-top-column elementor-element elementor-element-fe5dfc9\" data-id=\"fe5dfc9\" data-element_type=\"column\">\r\n\t\t\t<div class=\"elementor-widget-wrap elementor-element-populated\">\r\n\t\t\t\t\t\t<div class=\"elementor-element elementor-element-f01a01d elementor-widget elementor-widget-heading\" data-id=\"f01a01d\" data-element_type=\"widget\" data-widget_type=\"heading.default\">\r\n\t\t\t\t<div class=\"elementor-widget-container\">\r\n\t\t\t\t\t<h1 class=\"elementor-heading-title elementor-size-default\">Sommerfest 2025<\/h1>\t\t\t\t<\/div>\r\n\t\t\t\t<\/div>\r\n\t\t\t\t\t<\/div>\r\n\t\t<\/div>\r\n\t\t\t\t\t<\/div>\r\n\t\t<\/section>\r\n\t\t\t\t<section class=\"elementor-section elementor-top-section elementor-element elementor-element-7a9f981 elementor-section-boxed elementor-section-height-default elementor-section-height-default\" data-id=\"7a9f981\" data-element_type=\"section\">\r\n\t\t\t\t\t\t<div class=\"elementor-container elementor-column-gap-default\">\r\n\t\t\t\t\t<div class=\"elementor-column elementor-col-100 elementor-top-column elementor-element elementor-element-7b6395f\" data-id=\"7b6395f\" data-element_type=\"column\">\r\n\t\t\t<div class=\"elementor-widget-wrap elementor-element-populated\">\r\n\t\t\t\t\t\t<div class=\"elementor-element elementor-element-74bde89 elementor-widget__width-inherit elementor-widget elementor-widget-image\" data-id=\"74bde89\" data-element_type=\"widget\" data-widget_type=\"image.default\">\r\n\t\t\t\t<div class=\"elementor-widget-container\">\r\n\t\t\t\t\t\t\t\t\t\t\t\t\t\t\t<img fetchpriority=\"high\" decoding=\"async\" width=\"525\" height=\"243\" src=\"https:\/\/www.ff-kg.de\/wp-content\/uploads\/2024\/06\/dsc_8630-KFT-2022_75-scaled-e1718096963616-1024x474.jpg\" class=\"attachment-large size-large wp-image-3890\" alt=\"\" srcset=\"https:\/\/www.ff-kg.de\/wp-content\/uploads\/2024\/06\/dsc_8630-KFT-2022_75-scaled-e1718096963616-1024x474.jpg 1024w, https:\/\/www.ff-kg.de\/wp-content\/uploads\/2024\/06\/dsc_8630-KFT-2022_75-scaled-e1718096963616-300x139.jpg 300w, https:\/\/www.ff-kg.de\/wp-content\/uploads\/2024\/06\/dsc_8630-KFT-2022_75-scaled-e1718096963616-768x356.jpg 768w, https:\/\/www.ff-kg.de\/wp-content\/uploads\/2024\/06\/dsc_8630-KFT-2022_75-scaled-e1718096963616-1536x712.jpg 1536w, https:\/\/www.ff-kg.de\/wp-content\/uploads\/2024\/06\/dsc_8630-KFT-2022_75-scaled-e1718096963616-2048x949.jpg 2048w\" sizes=\"100vw\" \/>\t\t\t\t\t\t\t\t\t\t\t\t\t\t\t<\/div>\r\n\t\t\t\t<\/div>\r\n\t\t\t\t\t<\/div>\r\n\t\t<\/div>\r\n\t\t\t\t\t<\/div>\r\n\t\t<\/section>\r\n\t\t\t\t<section class=\"elementor-section elementor-top-section elementor-element elementor-element-31e3d82 elementor-section-boxed elementor-section-height-default elementor-section-height-default\" data-id=\"31e3d82\" data-element_type=\"section\">\r\n\t\t\t\t\t\t<div class=\"elementor-container elementor-column-gap-default\">\r\n\t\t\t\t\t<div class=\"elementor-column elementor-col-100 elementor-top-column elementor-element elementor-element-24a3ef2\" data-id=\"24a3ef2\" data-element_type=\"column\">\r\n\t\t\t<div class=\"elementor-widget-wrap elementor-element-populated\">\r\n\t\t\t\t\t\t<div class=\"elementor-element elementor-element-0de4836 elementor-widget elementor-widget-text-editor\" data-id=\"0de4836\" data-element_type=\"widget\" data-widget_type=\"text-editor.default\">\r\n\t\t\t\t<div class=\"elementor-widget-container\">\r\n\t\t\t\t\t\t\t\t\t<p>Wir m\u00f6chten euch alle auch dieses Jahr wieder herzlich zu unserem Sommerfest, am 05. und 06. Juli, in unser Ger\u00e4tehaus einladen!<\/p>\n<p>Am Samstag Abend rockt auch an diesem Jahr wieder die bayrische Party- &amp; Coverband Wolfegger mit uns durch die Nacht. Dazu gibt es nat\u00fcrlich wieder viele erfrischende Getr\u00e4nke und auch f\u00fcr das leibliche Wohl ist von uns nat\u00fcrlich wieder bestens gesorgt. Auch unsere allseits beliebte Cocktailbar mit frischem Caipirinha, Feuerball, Flashover und vielem mehr, hat f\u00fcr euch ge\u00f6ffnet.<span style=\"color: #000000; font-family: 'Times New Roman'; font-size: medium; font-style: normal; font-variant-ligatures: normal; font-variant-caps: normal; font-weight: 400; letter-spacing: normal; orphans: 2; text-align: start; text-indent: 0px; text-transform: none; widows: 2; word-spacing: 0px; -webkit-text-stroke-width: 0px; white-space: normal; text-decoration-thickness: initial; text-decoration-style: initial; text-decoration-color: initial; display: inline !important; float: none;\"><br><\/span><\/p>\n<p>Den Sonntag starten wir wie immer mit unserem traditionellen Fr\u00fchschoppen und frischen Haxen. Auch f\u00fcr die Kids ist mit einer gro\u00dfen Feuerwehr-H\u00fcpfburg, Airbrush-Tattoos und einer Fahrzeug-Ausstellung wieder bestens gesorgt.<\/p>\n<p>Also kommt vorbei und feiert mit uns an zwei tollen Tagen voller Spa\u00df und guter Gesellschaft.Wir freuen uns schon alle sehr auf euch!<\/p>\t\t\t\t\t\t\t\t<\/div>\r\n\t\t\t\t<\/div>\r\n\t\t\t\t\t<\/div>\r\n\t\t<\/div>\r\n\t\t\t\t\t<\/div>\r\n\t\t<\/section>\r\n\t\t\t\t<section class=\"elementor-section elementor-top-section elementor-element elementor-element-f27a4a6 elementor-section-boxed elementor-section-height-default elementor-section-height-default\" data-id=\"f27a4a6\" data-element_type=\"section\">\r\n\t\t\t\t\t\t<div class=\"elementor-container elementor-column-gap-default\">\r\n\t\t\t\t\t<div class=\"elementor-column elementor-col-100 elementor-top-column elementor-element elementor-element-54a9717\" data-id=\"54a9717\" data-element_type=\"column\">\r\n\t\t\t<div class=\"elementor-widget-wrap elementor-element-populated\">\r\n\t\t\t\t\t\t<div class=\"elementor-element elementor-element-345da80 elementor-widget elementor-widget-image\" data-id=\"345da80\" data-element_type=\"widget\" data-widget_type=\"image.default\">\r\n\t\t\t\t<div class=\"elementor-widget-container\">\r\n\t\t\t\t\t\t\t\t\t\t\t\t\t\t\t<img decoding=\"async\" width=\"1132\" height=\"1536\" src=\"https:\/\/www.ff-kg.de\/wp-content\/uploads\/2025\/05\/Flyer-2025-Sommerfest-Vorderseite_Zeichenflaeche-1-e1747569694252-1132x1536.jpg\" class=\"attachment-1536x1536 size-1536x1536 wp-image-4483\" alt=\"\" srcset=\"https:\/\/www.ff-kg.de\/wp-content\/uploads\/2025\/05\/Flyer-2025-Sommerfest-Vorderseite_Zeichenflaeche-1-e1747569694252-1132x1536.jpg 1132w, https:\/\/www.ff-kg.de\/wp-content\/uploads\/2025\/05\/Flyer-2025-Sommerfest-Vorderseite_Zeichenflaeche-1-e1747569694252-221x300.jpg 221w, https:\/\/www.ff-kg.de\/wp-content\/uploads\/2025\/05\/Flyer-2025-Sommerfest-Vorderseite_Zeichenflaeche-1-e1747569694252-755x1024.jpg 755w, https:\/\/www.ff-kg.de\/wp-content\/uploads\/2025\/05\/Flyer-2025-Sommerfest-Vorderseite_Zeichenflaeche-1-e1747569694252-768x1042.jpg 768w, https:\/\/www.ff-kg.de\/wp-content\/uploads\/2025\/05\/Flyer-2025-Sommerfest-Vorderseite_Zeichenflaeche-1-e1747569694252-1510x2048.jpg 1510w, https:\/\/www.ff-kg.de\/wp-content\/uploads\/2025\/05\/Flyer-2025-Sommerfest-Vorderseite_Zeichenflaeche-1-e1747569694252.jpg 1772w\" sizes=\"100vw\" \/>\t\t\t\t\t\t\t\t\t\t\t\t\t\t\t<\/div>\r\n\t\t\t\t<\/div>\r\n\t\t\t\t\t<\/div>\r\n\t\t<\/div>\r\n\t\t\t\t\t<\/div>\r\n\t\t<\/section>\r\n\t\t\t\t<\/div>\r\n\t\t","protected":false},"excerpt":{"rendered":"<p>Sommerfest 2025 Wir m\u00f6chten euch alle auch dieses Jahr wieder herzlich zu unserem Sommerfest, am 05. und 06. Juli, in unser Ger\u00e4tehaus einladen! Am Samstag Abend rockt auch an diesem Jahr wieder die bayrische Party- &amp; Coverband Wolfegger mit uns durch die Nacht. Dazu gibt es nat\u00fcrlich wieder viele erfrischende Getr\u00e4nke und auch f\u00fcr das &hellip; <\/p>\n<p class=\"link-more\"><a href=\"https:\/\/www.ff-kg.de\/?page_id=3864\" class=\"more-link\"><span class=\"screen-reader-text\">\u201eSommerfest 2024\u201c<\/span> weiterlesen<\/a><\/p>\n","protected":false},"author":1,"featured_media":0,"parent":0,"menu_order":0,"comment_status":"closed","ping_status":"closed","template":"","meta":{"footnotes":""},"class_list":["post-3864","page","type-page","status-publish","hentry"],"_links":{"self":[{"href":"https:\/\/www.ff-kg.de\/index.php?rest_route=\/wp\/v2\/pages\/3864","targetHints":{"allow":["GET"]}}],"collection":[{"href":"https:\/\/www.ff-kg.de\/index.php?rest_route=\/wp\/v2\/pages"}],"about":[{"href":"https:\/\/www.ff-kg.de\/index.php?rest_route=\/wp\/v2\/types\/page"}],"author":[{"embeddable":true,"href":"https:\/\/www.ff-kg.de\/index.php?rest_route=\/wp\/v2\/users\/1"}],"replies":[{"embeddable":true,"href":"https:\/\/www.ff-kg.de\/index.php?rest_route=%2Fwp%2Fv2%2Fcomments&post=3864"}],"version-history":[{"count":22,"href":"https:\/\/www.ff-kg.de\/index.php?rest_route=\/wp\/v2\/pages\/3864\/revisions"}],"predecessor-version":[{"id":4489,"href":"https:\/\/www.ff-kg.de\/index.php?rest_route=\/wp\/v2\/pages\/3864\/revisions\/4489"}],"wp:attachment":[{"href":"https:\/\/www.ff-kg.de\/index.php?rest_route=%2Fwp%2Fv2%2Fmedia&parent=3864"}],"curies":[{"name":"wp","href":"https:\/\/api.w.org\/{rel}","templated":true}]}}